{"id":39363,"date":"2025-12-09T18:30:31","date_gmt":"2025-12-09T17:30:31","guid":{"rendered":"https:\/\/cncfiltry.pl\/?post_type=product&#038;p=39363"},"modified":"2026-04-20T15:28:20","modified_gmt":"2026-04-20T13:28:20","slug":"h0032-0012-40-okuma-filtr-92190kum","status":"publish","type":"product","link":"https:\/\/cncfiltry.pl\/index.php\/product\/h0032-0012-40-okuma-filtr-92190kum\/","title":{"rendered":"H0032-0012-40 Okuma filtr 92190KUM"},"content":{"rendered":"<p>\u201eWszystkie cz\u0119\u015bci oferowane w ramach dostawy filtr\u00f3w online s\u0105 produktami r\u00f3wnowa\u017cnymi lub zamiennymi z oryginalnymi cz\u0119\u015bciami producenta. Nazwy oryginalnych cz\u0119\u015bci s\u0142u\u017c\u0105 wy\u0142\u0105cznie celom por\u00f3wnawczym\u201d.<\/p>\n<p>**Zdj\u0119cie mo\u017ce si\u0119 r\u00f3\u017cni\u0107**<\/p>\n","protected":false},"excerpt":{"rendered":"<p>H0032-0012-40 Okuma filtr 92190KUM<\/p>\n<p>Wymiary i opis<\/p>\n<blockquote><p>H1: 88,00<br \/>\nH2: 83,00<br \/>\nD1: 42,50<br \/>\nD2: 21,50<br \/>\nZastosowanie: OKUMA<br \/>\nMarka: Cronne Industry<\/p><\/blockquote>\n<p><strong>Ilo\u015b\u0107: oferta dotyczy 4 szt. (1 zestaw)<\/strong><\/p>\n<p><em>Do prezentowanej ceny produktu nale\u017cy doliczy\u0107 podatek VAT.<\/em><br \/>\n<em>Wyprodukowano w Polsce<\/em><\/p>\n<p>Gwarancja najwy\u017cszej jako\u015bci lub zwrot pieni\u0119dzy przez producenta.<br \/>\nDost\u0119pno\u015b\u0107 oznacza liczb\u0119 zestaw\u00f3w dost\u0119pnych w magazynie<\/p>\n","protected":false},"featured_media":39364,"template":"","meta":{"site-sidebar-layout":"default","site-content-layout":"","ast-site-content-layout":"default","site-content-style":"default","site-sidebar-style":"default","ast-global-header-display":"","ast-banner-title-visibility":"","ast-main-header-display":"","ast-hfb-above-header-display":"","ast-hfb-below-header-display":"","ast-hfb-mobile-header-display":"","site-post-title":"","ast-breadcrumbs-content":"","ast-featured-img":"","footer-sml-layout":"","ast-disable-related-posts":"","theme-transparent-header-meta":"default","adv-header-id-meta":"","stick-header-meta":"","header-above-stick-meta":"","header-main-stick-meta":"","header-below-stick-meta":"","astra-migrate-meta-layouts":"set","ast-page-background-enabled":"default","ast-page-background-meta":{"desktop":{"background-color":"","background-image":"","background-repeat":"repeat","background-position":"center center","background-size":"auto","background-attachment":"scroll","background-type":"","background-media":"","overlay-type":"","overlay-color":"","overlay-opacity":"","overlay-gradient":""},"tablet":{"background-color":"","background-image":"","background-repeat":"repeat","background-position":"center center","background-size":"auto","background-attachment":"scroll","background-type":"","background-media":"","overlay-type":"","overlay-color":"","overlay-opacity":"","overlay-gradient":""},"mobile":{"background-color":"","background-image":"","background-repeat":"repeat","background-position":"center center","background-size":"auto","background-attachment":"scroll","background-type":"","background-media":"","overlay-type":"","overlay-color":"","overlay-opacity":"","overlay-gradient":""}},"ast-content-background-meta":{"desktop":{"background-color":"var(--ast-global-color-5)","background-image":"","background-repeat":"repeat","background-position":"center center","background-size":"auto","background-attachment":"scroll","background-type":"","background-media":"","overlay-type":"","overlay-color":"","overlay-opacity":"","overlay-gradient":""},"tablet":{"background-color":"var(--ast-global-color-5)","background-image":"","background-repeat":"repeat","background-position":"center center","background-size":"auto","background-attachment":"scroll","background-type":"","background-media":"","overlay-type":"","overlay-color":"","overlay-opacity":"","overlay-gradient":""},"mobile":{"background-color":"var(--ast-global-color-5)","background-image":"","background-repeat":"repeat","background-position":"center center","background-size":"auto","background-attachment":"scroll","background-type":"","background-media":"","overlay-type":"","overlay-color":"","overlay-opacity":"","overlay-gradient":""}}},"product_brand":[],"product_cat":[40],"product_tag":[],"class_list":{"0":"post-39363","1":"product","2":"type-product","3":"status-publish","4":"has-post-thumbnail","6":"product_cat-wklad-filtracyjny","7":"desktop-align-left","8":"tablet-align-left","9":"mobile-align-left","11":"first","12":"outofstock","13":"taxable","14":"shipping-taxable","15":"purchasable","16":"product-type-simple"},"_links":{"self":[{"href":"https:\/\/cncfiltry.pl\/index.php\/wp-json\/wp\/v2\/product\/39363","targetHints":{"allow":["GET"]}}],"collection":[{"href":"https:\/\/cncfiltry.pl\/index.php\/wp-json\/wp\/v2\/product"}],"about":[{"href":"https:\/\/cncfiltry.pl\/index.php\/wp-json\/wp\/v2\/types\/product"}],"version-history":[{"count":2,"href":"https:\/\/cncfiltry.pl\/index.php\/wp-json\/wp\/v2\/product\/39363\/revisions"}],"predecessor-version":[{"id":39366,"href":"https:\/\/cncfiltry.pl\/index.php\/wp-json\/wp\/v2\/product\/39363\/revisions\/39366"}],"wp:featuredmedia":[{"embeddable":true,"href":"https:\/\/cncfiltry.pl\/index.php\/wp-json\/wp\/v2\/media\/39364"}],"wp:attachment":[{"href":"https:\/\/cncfiltry.pl\/index.php\/wp-json\/wp\/v2\/media?parent=39363"}],"wp:term":[{"taxonomy":"product_brand","embeddable":true,"href":"https:\/\/cncfiltry.pl\/index.php\/wp-json\/wp\/v2\/product_brand?post=39363"},{"taxonomy":"product_cat","embeddable":true,"href":"https:\/\/cncfiltry.pl\/index.php\/wp-json\/wp\/v2\/product_cat?post=39363"},{"taxonomy":"product_tag","embeddable":true,"href":"https:\/\/cncfiltry.pl\/index.php\/wp-json\/wp\/v2\/product_tag?post=39363"}],"curies":[{"name":"wp","href":"https:\/\/api.w.org\/{rel}","templated":true}]}}