{"id":360,"date":"2017-12-21T04:37:21","date_gmt":"2017-12-21T03:37:21","guid":{"rendered":"http:\/\/cncfilters.com\/index.php\/product\/dnk-blue-shoes\/"},"modified":"2026-04-20T16:00:58","modified_gmt":"2026-04-20T14:00:58","slug":"sr6015-1078-okuma-filtr-zamienny-991201xp","status":"publish","type":"product","link":"https:\/\/cncfiltry.pl\/index.php\/product\/sr6015-1078-okuma-filtr-zamienny-991201xp\/","title":{"rendered":"SR6015-1078 OKUMA Filtr zamienny 991201XP"},"content":{"rendered":"<p>\u201eWszystkie cz\u0119\u015bci oferowane w ramach dostawy filtr\u00f3w online s\u0105 produktami r\u00f3wnowa\u017cnymi lub zamiennymi z oryginalnymi cz\u0119\u015bciami producenta. Nazwy oryginalnych cz\u0119\u015bci s\u0142u\u017c\u0105 wy\u0142\u0105cznie celom por\u00f3wnawczym\u201d.<\/p>\n<p>**Zdj\u0119cie mo\u017ce si\u0119 r\u00f3\u017cni\u0107**<\/p>\n","protected":false},"excerpt":{"rendered":"<p>SR6015-1078 OKUMA Filtr zamienny 991201XP<\/p>\n<p><b>Opis:<\/b><\/p>\n<blockquote><p>*Brand: Cronne Filters<br \/>\n*Jako\u015b\u0107: Materia\u0142 filtracyjny zosta\u0142 opracowany na podstawie oryginalnego japo\u0144skiego wzorcu.<br \/>\n*Odpowiedniki:\u00a0 SSK, OKUMA<br \/>\n*Zastosowanie: CNC<br \/>\n*Producent: HYDROTRADE Polska<br \/>\n<strong>Ilo\u015b\u0107: 5 szt.<\/strong><\/p><\/blockquote>\n<p>Wyprodukowano w UE<\/p>\n<p><em>Do prezentowanej ceny produktu nale\u017cy doliczy\u0107 podatek VAT.<\/em><\/p>\n<p>Gwarancja najwy\u017cszej jako\u015bci lub zwrot pieni\u0119dzy przez producenta.<br \/>\nDost\u0119pno\u015b\u0107 oznacza liczb\u0119 zestaw\u00f3w dost\u0119pnych w magazynie<\/p>\n<p>**Obraz mo\u017ce si\u0119 r\u00f3\u017cni\u0107**<\/p>\n","protected":false},"featured_media":38140,"template":"","meta":{"site-sidebar-layout":"default","site-content-layout":"default","ast-site-content-layout":"default","site-content-style":"default","site-sidebar-style":"default","ast-global-header-display":"","ast-banner-title-visibility":"","ast-main-header-display":"","ast-hfb-above-header-display":"","ast-hfb-below-header-display":"","ast-hfb-mobile-header-display":"","site-post-title":"","ast-breadcrumbs-content":"","ast-featured-img":"","footer-sml-layout":"","ast-disable-related-posts":"","theme-transparent-header-meta":"default","adv-header-id-meta":"","stick-header-meta":"","header-above-stick-meta":"","header-main-stick-meta":"","header-below-stick-meta":"","astra-migrate-meta-layouts":"set","ast-page-background-enabled":"default","ast-page-background-meta":{"desktop":{"background-color":"","background-image":"","background-repeat":"repeat","background-position":"center center","background-size":"auto","background-attachment":"scroll","background-type":"","background-media":"","overlay-type":"","overlay-color":"","overlay-opacity":"","overlay-gradient":""},"tablet":{"background-color":"","background-image":"","background-repeat":"repeat","background-position":"center center","background-size":"auto","background-attachment":"scroll","background-type":"","background-media":"","overlay-type":"","overlay-color":"","overlay-opacity":"","overlay-gradient":""},"mobile":{"background-color":"","background-image":"","background-repeat":"repeat","background-position":"center center","background-size":"auto","background-attachment":"scroll","background-type":"","background-media":"","overlay-type":"","overlay-color":"","overlay-opacity":"","overlay-gradient":""}},"ast-content-background-meta":{"desktop":{"background-color":"var(--ast-global-color-5)","background-image":"","background-repeat":"repeat","background-position":"center center","background-size":"auto","background-attachment":"scroll","background-type":"","background-media":"","overlay-type":"","overlay-color":"","overlay-opacity":"","overlay-gradient":""},"tablet":{"background-color":"var(--ast-global-color-5)","background-image":"","background-repeat":"repeat","background-position":"center center","background-size":"auto","background-attachment":"scroll","background-type":"","background-media":"","overlay-type":"","overlay-color":"","overlay-opacity":"","overlay-gradient":""},"mobile":{"background-color":"var(--ast-global-color-5)","background-image":"","background-repeat":"repeat","background-position":"center center","background-size":"auto","background-attachment":"scroll","background-type":"","background-media":"","overlay-type":"","overlay-color":"","overlay-opacity":"","overlay-gradient":""}}},"product_brand":[],"product_cat":[37],"product_tag":[],"class_list":{"0":"post-360","1":"product","2":"type-product","3":"status-publish","4":"has-post-thumbnail","6":"product_cat-filtr-workowy","7":"desktop-align-left","8":"tablet-align-left","9":"mobile-align-left","11":"first","12":"instock","13":"sale","14":"featured","15":"taxable","16":"shipping-taxable","17":"purchasable","18":"product-type-simple"},"_links":{"self":[{"href":"https:\/\/cncfiltry.pl\/index.php\/wp-json\/wp\/v2\/product\/360","targetHints":{"allow":["GET"]}}],"collection":[{"href":"https:\/\/cncfiltry.pl\/index.php\/wp-json\/wp\/v2\/product"}],"about":[{"href":"https:\/\/cncfiltry.pl\/index.php\/wp-json\/wp\/v2\/types\/product"}],"version-history":[{"count":27,"href":"https:\/\/cncfiltry.pl\/index.php\/wp-json\/wp\/v2\/product\/360\/revisions"}],"predecessor-version":[{"id":39477,"href":"https:\/\/cncfiltry.pl\/index.php\/wp-json\/wp\/v2\/product\/360\/revisions\/39477"}],"wp:featuredmedia":[{"embeddable":true,"href":"https:\/\/cncfiltry.pl\/index.php\/wp-json\/wp\/v2\/media\/38140"}],"wp:attachment":[{"href":"https:\/\/cncfiltry.pl\/index.php\/wp-json\/wp\/v2\/media?parent=360"}],"wp:term":[{"taxonomy":"product_brand","embeddable":true,"href":"https:\/\/cncfiltry.pl\/index.php\/wp-json\/wp\/v2\/product_brand?post=360"},{"taxonomy":"product_cat","embeddable":true,"href":"https:\/\/cncfiltry.pl\/index.php\/wp-json\/wp\/v2\/product_cat?post=360"},{"taxonomy":"product_tag","embeddable":true,"href":"https:\/\/cncfiltry.pl\/index.php\/wp-json\/wp\/v2\/product_tag?post=360"}],"curies":[{"name":"wp","href":"https:\/\/api.w.org\/{rel}","templated":true}]}}