{"id":3225,"date":"2021-12-11T11:36:18","date_gmt":"2021-12-11T10:36:18","guid":{"rendered":"https:\/\/cncfilters.com\/?post_type=product&#038;p=3225"},"modified":"2025-12-11T11:32:10","modified_gmt":"2025-12-11T10:32:10","slug":"weller-t0053642199-f7-filtr-zamienny-99xx01c","status":"publish","type":"product","link":"https:\/\/cncfiltry.pl\/index.php\/product\/weller-t0053642199-f7-filtr-zamienny-99xx01c\/","title":{"rendered":"Weller T0053642199 &#8211; F7 filtr zamienny 99XX01C"},"content":{"rendered":"<p>\u201eWszystkie cz\u0119\u015bci oferowane w ramach dostawy filtr\u00f3w online s\u0105 produktami r\u00f3wnowa\u017cnymi lub zamiennymi z oryginalnymi cz\u0119\u015bciami producenta. Nazwy oryginalnych cz\u0119\u015bci s\u0142u\u017c\u0105 wy\u0142\u0105cznie celom por\u00f3wnawczym\u201d.<\/p>\n<p>**Zdj\u0119cie mo\u017ce si\u0119 r\u00f3\u017cni\u0107**<\/p>\n<p>&nbsp;<\/p>\n","protected":false},"excerpt":{"rendered":"<p>Weller T0053642199 &#8211; F7 filtr zamienny 99XX01C<\/p>\n<blockquote><p>Cechy:<br \/>\nMateria\u0142: mikrow\u0142\u00f3kno szklane (r\u00f3\u017cowy filtr z w\u0142\u00f3kna szklanego)<br \/>\nWymiary: 101mmx5mm<br \/>\ndok\u0142adno\u015b\u0107 filtracji: EU7 (F7)<br \/>\nFiltr drobnych py\u0142\u00f3w F7 do WFE, WFE P, WFE 2P, FT 11, FT 12, FE 3000\/4000<br \/>\n<strong>Ilo\u015b\u0107: 10 szt.<\/strong><br \/>\nWaga: (+\/-) 0,2 kg\/szt.<br \/>\nWyprodukowano w UE<\/p><\/blockquote>\n<p><em>Do prezentowanej ceny produktu nale\u017cy doliczy\u0107 podatek VAT.<\/em><\/p>\n<p>Gwarancja najwy\u017cszej jako\u015bci lub zwrot pieni\u0119dzy przez producenta.<br \/>\nDost\u0119pno\u015b\u0107 oznacza liczb\u0119 zestaw\u00f3w dost\u0119pnych w magazynie<\/p>\n<p>**Obraz mo\u017ce si\u0119 r\u00f3\u017cni\u0107**<\/p>\n","protected":false},"featured_media":39385,"template":"","meta":{"site-sidebar-layout":"default","site-content-layout":"default","ast-site-content-layout":"default","site-content-style":"default","site-sidebar-style":"default","ast-global-header-display":"","ast-banner-title-visibility":"","ast-main-header-display":"","ast-hfb-above-header-display":"","ast-hfb-below-header-display":"","ast-hfb-mobile-header-display":"","site-post-title":"","ast-breadcrumbs-content":"","ast-featured-img":"","footer-sml-layout":"","ast-disable-related-posts":"","theme-transparent-header-meta":"default","adv-header-id-meta":"","stick-header-meta":"","header-above-stick-meta":"","header-main-stick-meta":"","header-below-stick-meta":"","astra-migrate-meta-layouts":"set","ast-page-background-enabled":"default","ast-page-background-meta":{"desktop":{"background-color":"","background-image":"","background-repeat":"repeat","background-position":"center center","background-size":"auto","background-attachment":"scroll","background-type":"","background-media":"","overlay-type":"","overlay-color":"","overlay-opacity":"","overlay-gradient":""},"tablet":{"background-color":"","background-image":"","background-repeat":"repeat","background-position":"center center","background-size":"auto","background-attachment":"scroll","background-type":"","background-media":"","overlay-type":"","overlay-color":"","overlay-opacity":"","overlay-gradient":""},"mobile":{"background-color":"","background-image":"","background-repeat":"repeat","background-position":"center center","background-size":"auto","background-attachment":"scroll","background-type":"","background-media":"","overlay-type":"","overlay-color":"","overlay-opacity":"","overlay-gradient":""}},"ast-content-background-meta":{"desktop":{"background-color":"var(--ast-global-color-5)","background-image":"","background-repeat":"repeat","background-position":"center center","background-size":"auto","background-attachment":"scroll","background-type":"","background-media":"","overlay-type":"","overlay-color":"","overlay-opacity":"","overlay-gradient":""},"tablet":{"background-color":"var(--ast-global-color-5)","background-image":"","background-repeat":"repeat","background-position":"center center","background-size":"auto","background-attachment":"scroll","background-type":"","background-media":"","overlay-type":"","overlay-color":"","overlay-opacity":"","overlay-gradient":""},"mobile":{"background-color":"var(--ast-global-color-5)","background-image":"","background-repeat":"repeat","background-position":"center center","background-size":"auto","background-attachment":"scroll","background-type":"","background-media":"","overlay-type":"","overlay-color":"","overlay-opacity":"","overlay-gradient":""}}},"product_brand":[],"product_cat":[51],"product_tag":[],"class_list":{"0":"post-3225","1":"product","2":"type-product","3":"status-publish","4":"has-post-thumbnail","6":"product_cat-filtr-panelowy","7":"desktop-align-left","8":"tablet-align-left","9":"mobile-align-left","11":"first","12":"instock","13":"taxable","14":"shipping-taxable","15":"purchasable","16":"product-type-simple"},"_links":{"self":[{"href":"https:\/\/cncfiltry.pl\/index.php\/wp-json\/wp\/v2\/product\/3225","targetHints":{"allow":["GET"]}}],"collection":[{"href":"https:\/\/cncfiltry.pl\/index.php\/wp-json\/wp\/v2\/product"}],"about":[{"href":"https:\/\/cncfiltry.pl\/index.php\/wp-json\/wp\/v2\/types\/product"}],"version-history":[{"count":11,"href":"https:\/\/cncfiltry.pl\/index.php\/wp-json\/wp\/v2\/product\/3225\/revisions"}],"predecessor-version":[{"id":39387,"href":"https:\/\/cncfiltry.pl\/index.php\/wp-json\/wp\/v2\/product\/3225\/revisions\/39387"}],"wp:featuredmedia":[{"embeddable":true,"href":"https:\/\/cncfiltry.pl\/index.php\/wp-json\/wp\/v2\/media\/39385"}],"wp:attachment":[{"href":"https:\/\/cncfiltry.pl\/index.php\/wp-json\/wp\/v2\/media?parent=3225"}],"wp:term":[{"taxonomy":"product_brand","embeddable":true,"href":"https:\/\/cncfiltry.pl\/index.php\/wp-json\/wp\/v2\/product_brand?post=3225"},{"taxonomy":"product_cat","embeddable":true,"href":"https:\/\/cncfiltry.pl\/index.php\/wp-json\/wp\/v2\/product_cat?post=3225"},{"taxonomy":"product_tag","embeddable":true,"href":"https:\/\/cncfiltry.pl\/index.php\/wp-json\/wp\/v2\/product_tag?post=3225"}],"curies":[{"name":"wp","href":"https:\/\/api.w.org\/{rel}","templated":true}]}}