{"id":43,"date":"2017-12-17T10:06:43","date_gmt":"2017-12-17T10:06:43","guid":{"rendered":"http:\/\/cncfilters.com\/index.php\/about\/"},"modified":"2025-11-24T10:11:56","modified_gmt":"2025-11-24T09:11:56","slug":"about","status":"publish","type":"page","link":"https:\/\/cncfiltry.pl\/index.php\/about\/","title":{"rendered":"O nas"},"content":{"rendered":"\t\t<div data-elementor-type=\"wp-post\" data-elementor-id=\"43\" class=\"elementor elementor-43\">\n\t\t\t\t\t\t<section class=\"elementor-section elementor-top-section elementor-element elementor-element-8c39fce elementor-section-content-middle elementor-section-boxed elementor-section-height-default elementor-section-height-default\" data-id=\"8c39fce\" data-element_type=\"section\" data-e-type=\"section\" data-settings=\"{&quot;background_background&quot;:&quot;classic&quot;}\">\n\t\t\t\t\t\t\t<div class=\"elementor-background-overlay\"><\/div>\n\t\t\t\t\t\t\t<div class=\"elementor-container elementor-column-gap-no\">\n\t\t\t\t\t<div class=\"elementor-column elementor-col-100 elementor-top-column elementor-element elementor-element-b1952b1\" data-id=\"b1952b1\" data-element_type=\"column\" data-e-type=\"column\">\n\t\t\t<div class=\"elementor-widget-wrap elementor-element-populated\">\n\t\t\t\t\t\t<div class=\"elementor-element elementor-element-03b93f0 elementor-widget elementor-widget-heading\" data-id=\"03b93f0\" data-element_type=\"widget\" data-e-type=\"widget\" data-widget_type=\"heading.default\">\n\t\t\t\t<div class=\"elementor-widget-container\">\n\t\t\t\t\t<h1 class=\"elementor-heading-title elementor-size-default\">O nas<\/h1>\t\t\t\t<\/div>\n\t\t\t\t<\/div>\n\t\t\t\t\t<\/div>\n\t\t<\/div>\n\t\t\t\t\t<\/div>\n\t\t<\/section>\n\t\t\t\t<section class=\"elementor-section elementor-top-section elementor-element elementor-element-d28c655 elementor-section-full_width elementor-section-height-default elementor-section-height-default\" data-id=\"d28c655\" data-element_type=\"section\" data-e-type=\"section\">\n\t\t\t\t\t\t<div class=\"elementor-container elementor-column-gap-default\">\n\t\t\t\t\t<div class=\"elementor-column elementor-col-100 elementor-top-column elementor-element elementor-element-997bde8\" data-id=\"997bde8\" data-element_type=\"column\" data-e-type=\"column\" data-settings=\"{&quot;background_background&quot;:&quot;classic&quot;}\">\n\t\t\t<div class=\"elementor-widget-wrap elementor-element-populated\">\n\t\t\t\t\t\t<div class=\"elementor-element elementor-element-757361b elementor-widget elementor-widget-image\" data-id=\"757361b\" data-element_type=\"widget\" data-e-type=\"widget\" data-widget_type=\"image.default\">\n\t\t\t\t<div class=\"elementor-widget-container\">\n\t\t\t\t\t\t\t\t\t\t\t\t\t\t\t<img fetchpriority=\"high\" decoding=\"async\" width=\"768\" height=\"768\" src=\"https:\/\/cncfiltry.pl\/wp-content\/uploads\/2025\/11\/getimg_ai_img-KsXX33QHK8n4G7VqZI4Tn-768x768.jpeg\" class=\"attachment-medium_large size-medium_large wp-image-39152\" alt=\"cncfiltry.pl\" srcset=\"https:\/\/cncfiltry.pl\/wp-content\/uploads\/2025\/11\/getimg_ai_img-KsXX33QHK8n4G7VqZI4Tn-768x768.jpeg 768w, https:\/\/cncfiltry.pl\/wp-content\/uploads\/2025\/11\/getimg_ai_img-KsXX33QHK8n4G7VqZI4Tn-300x300.jpeg 300w, https:\/\/cncfiltry.pl\/wp-content\/uploads\/2025\/11\/getimg_ai_img-KsXX33QHK8n4G7VqZI4Tn-150x150.jpeg 150w, https:\/\/cncfiltry.pl\/wp-content\/uploads\/2025\/11\/getimg_ai_img-KsXX33QHK8n4G7VqZI4Tn-600x600.jpeg 600w, https:\/\/cncfiltry.pl\/wp-content\/uploads\/2025\/11\/getimg_ai_img-KsXX33QHK8n4G7VqZI4Tn-100x100.jpeg 100w, https:\/\/cncfiltry.pl\/wp-content\/uploads\/2025\/11\/getimg_ai_img-KsXX33QHK8n4G7VqZI4Tn.jpeg 1024w\" sizes=\"(max-width: 768px) 100vw, 768px\" \/>\t\t\t\t\t\t\t\t\t\t\t\t\t\t\t<\/div>\n\t\t\t\t<\/div>\n\t\t\t\t<div class=\"elementor-element elementor-element-c380f1d elementor-widget elementor-widget-text-editor\" data-id=\"c380f1d\" data-element_type=\"widget\" data-e-type=\"widget\" data-widget_type=\"text-editor.default\">\n\t\t\t\t<div class=\"elementor-widget-container\">\n\t\t\t\t\t\t\t\t\t<h2 style=\"text-align: center;\">CNCFILTRY.PL<\/h2><p style=\"text-align: center;\">\u00a0<\/p>\t\t\t\t\t\t\t\t<\/div>\n\t\t\t\t<\/div>\n\t\t\t\t<div class=\"elementor-element elementor-element-209e30b elementor-widget elementor-widget-text-editor\" data-id=\"209e30b\" data-element_type=\"widget\" data-e-type=\"widget\" data-widget_type=\"text-editor.default\">\n\t\t\t\t<div class=\"elementor-widget-container\">\n\t\t\t\t\t\t\t\t\t<p>Firma HYDROTRADE powsta\u0142a w 2009 roku w Pszczynie. Jest to firma rodzinna.\u00a0 Posiadamy ponad 40 ty\u015b. wk\u0142ad\u00f3w filtracyjnych w portfolio. Jako producent filtr\u00f3w specjalizujemy si\u0119 w dostosowywaniu element\u00f3w filtracyjnych do proces\u00f3w produkcyjnych w zak\u0142adach w ca\u0142ej Polsce i poza jej granicami. Posiadamy znakomite referencje. Zach\u0119camy do zapoznania si\u0119 z pe\u0142n\u0105 ofert\u0105 firmy.<\/p>\t\t\t\t\t\t\t\t<\/div>\n\t\t\t\t<\/div>\n\t\t\t\t\t<\/div>\n\t\t<\/div>\n\t\t\t\t\t<\/div>\n\t\t<\/section>\n\t\t\t\t<section class=\"elementor-section elementor-top-section elementor-element elementor-element-d0ca6fa elementor-section-boxed elementor-section-height-default elementor-section-height-default\" data-id=\"d0ca6fa\" data-element_type=\"section\" data-e-type=\"section\" data-settings=\"{&quot;background_background&quot;:&quot;classic&quot;}\">\n\t\t\t\t\t\t\t<div class=\"elementor-background-overlay\"><\/div>\n\t\t\t\t\t\t\t<div class=\"elementor-container elementor-column-gap-no\">\n\t\t\t\t\t<div class=\"elementor-column elementor-col-100 elementor-top-column elementor-element elementor-element-a5fd6c9\" data-id=\"a5fd6c9\" data-element_type=\"column\" data-e-type=\"column\">\n\t\t\t<div class=\"elementor-widget-wrap elementor-element-populated\">\n\t\t\t\t\t\t<section class=\"elementor-section elementor-inner-section elementor-element elementor-element-a303f5d elementor-section-boxed elementor-section-height-default elementor-section-height-default\" data-id=\"a303f5d\" data-element_type=\"section\" data-e-type=\"section\">\n\t\t\t\t\t\t<div class=\"elementor-container elementor-column-gap-no\">\n\t\t\t\t\t<div class=\"elementor-column elementor-col-33 elementor-inner-column elementor-element elementor-element-e73edb7\" data-id=\"e73edb7\" data-element_type=\"column\" data-e-type=\"column\">\n\t\t\t<div class=\"elementor-widget-wrap\">\n\t\t\t\t\t\t\t<\/div>\n\t\t<\/div>\n\t\t\t\t<div class=\"elementor-column elementor-col-33 elementor-inner-column elementor-element elementor-element-3e8cc37\" data-id=\"3e8cc37\" data-element_type=\"column\" data-e-type=\"column\" data-settings=\"{&quot;background_background&quot;:&quot;classic&quot;}\">\n\t\t\t<div class=\"elementor-widget-wrap elementor-element-populated\">\n\t\t\t\t\t\t<div class=\"elementor-element elementor-element-f901c0f elementor-widget-divider--view-line elementor-widget elementor-widget-divider\" data-id=\"f901c0f\" data-element_type=\"widget\" data-e-type=\"widget\" data-widget_type=\"divider.default\">\n\t\t\t\t<div class=\"elementor-widget-container\">\n\t\t\t\t\t\t\t<div class=\"elementor-divider\">\n\t\t\t<span class=\"elementor-divider-separator\">\n\t\t\t\t\t\t<\/span>\n\t\t<\/div>\n\t\t\t\t\t\t<\/div>\n\t\t\t\t<\/div>\n\t\t\t\t<div class=\"elementor-element elementor-element-5258264 elementor-widget elementor-widget-heading\" data-id=\"5258264\" data-element_type=\"widget\" data-e-type=\"widget\" data-widget_type=\"heading.default\">\n\t\t\t\t<div class=\"elementor-widget-container\">\n\t\t\t\t\t<h2 class=\"elementor-heading-title elementor-size-default\">Subskrybcje<\/h2>\t\t\t\t<\/div>\n\t\t\t\t<\/div>\n\t\t\t\t<div class=\"elementor-element elementor-element-ffab11b elementor-shape-rounded elementor-grid-0 e-grid-align-center elementor-widget elementor-widget-social-icons\" data-id=\"ffab11b\" data-element_type=\"widget\" data-e-type=\"widget\" data-widget_type=\"social-icons.default\">\n\t\t\t\t<div class=\"elementor-widget-container\">\n\t\t\t\t\t\t\t<div class=\"elementor-social-icons-wrapper elementor-grid\" role=\"list\">\n\t\t\t\t\t\t\t<span class=\"elementor-grid-item\" role=\"listitem\">\n\t\t\t\t\t<a class=\"elementor-icon elementor-social-icon elementor-social-icon-facebook-f elementor-repeater-item-9e740e1\" href=\"https:\/\/www.facebook.com\/CNCFILTERScom-106711118578623\">\n\t\t\t\t\t\t<span class=\"elementor-screen-only\">Facebook-f<\/span>\n\t\t\t\t\t\t<i aria-hidden=\"true\" class=\"fab fa-facebook-f\"><\/i>\t\t\t\t\t<\/a>\n\t\t\t\t<\/span>\n\t\t\t\t\t\t\t<span class=\"elementor-grid-item\" role=\"listitem\">\n\t\t\t\t\t<a class=\"elementor-icon elementor-social-icon elementor-social-icon-linkedin elementor-repeater-item-c2aaf10\" href=\"https:\/\/www.linkedin.com\/company\/cncfilters-com\/\" target=\"_blank\">\n\t\t\t\t\t\t<span class=\"elementor-screen-only\">Linkedin<\/span>\n\t\t\t\t\t\t<i aria-hidden=\"true\" class=\"fab fa-linkedin\"><\/i>\t\t\t\t\t<\/a>\n\t\t\t\t<\/span>\n\t\t\t\t\t<\/div>\n\t\t\t\t\t\t<\/div>\n\t\t\t\t<\/div>\n\t\t\t\t\t<\/div>\n\t\t<\/div>\n\t\t\t\t<div class=\"elementor-column elementor-col-33 elementor-inner-column elementor-element elementor-element-45d9c5b\" data-id=\"45d9c5b\" data-element_type=\"column\" data-e-type=\"column\">\n\t\t\t<div class=\"elementor-widget-wrap\">\n\t\t\t\t\t\t\t<\/div>\n\t\t<\/div>\n\t\t\t\t\t<\/div>\n\t\t<\/section>\n\t\t\t\t\t<\/div>\n\t\t<\/div>\n\t\t\t\t\t<\/div>\n\t\t<\/section>\n\t\t\t\t<section class=\"elementor-section elementor-top-section elementor-element elementor-element-2be1988 elementor-section-boxed elementor-section-height-default elementor-section-height-default\" data-id=\"2be1988\" data-element_type=\"section\" data-e-type=\"section\" data-settings=\"{&quot;background_background&quot;:&quot;classic&quot;}\">\n\t\t\t\t\t\t<div class=\"elementor-container elementor-column-gap-default\">\n\t\t\t\t\t<div class=\"elementor-column elementor-col-100 elementor-top-column elementor-element elementor-element-3d85bb7\" data-id=\"3d85bb7\" data-element_type=\"column\" data-e-type=\"column\">\n\t\t\t<div class=\"elementor-widget-wrap elementor-element-populated\">\n\t\t\t\t\t\t<section class=\"elementor-section elementor-inner-section elementor-element elementor-element-e5b6d55 elementor-section-boxed elementor-section-height-default elementor-section-height-default\" data-id=\"e5b6d55\" data-element_type=\"section\" data-e-type=\"section\">\n\t\t\t\t\t\t<div class=\"elementor-container elementor-column-gap-default\">\n\t\t\t\t\t<div class=\"elementor-column elementor-col-25 elementor-inner-column elementor-element elementor-element-294cb90\" data-id=\"294cb90\" data-element_type=\"column\" data-e-type=\"column\">\n\t\t\t<div class=\"elementor-widget-wrap elementor-element-populated\">\n\t\t\t\t\t\t<div class=\"elementor-element elementor-element-7e76cd5 elementor-position-top elementor-widget elementor-widget-image-box\" data-id=\"7e76cd5\" data-element_type=\"widget\" data-e-type=\"widget\" data-widget_type=\"image-box.default\">\n\t\t\t\t<div class=\"elementor-widget-container\">\n\t\t\t\t\t<div class=\"elementor-image-box-wrapper\"><figure class=\"elementor-image-box-img\"><img decoding=\"async\" width=\"840\" height=\"859\" src=\"https:\/\/cncfiltry.pl\/wp-content\/uploads\/2020\/11\/earth-globe-vector-world-map-icon-transparent-11563460387dsa5p0tifc.png\" class=\"attachment-full size-full wp-image-1667\" alt=\"cncfilters.com\" srcset=\"https:\/\/cncfiltry.pl\/wp-content\/uploads\/2020\/11\/earth-globe-vector-world-map-icon-transparent-11563460387dsa5p0tifc.png 840w, https:\/\/cncfiltry.pl\/wp-content\/uploads\/2020\/11\/earth-globe-vector-world-map-icon-transparent-11563460387dsa5p0tifc-293x300.png 293w, https:\/\/cncfiltry.pl\/wp-content\/uploads\/2020\/11\/earth-globe-vector-world-map-icon-transparent-11563460387dsa5p0tifc-768x785.png 768w, https:\/\/cncfiltry.pl\/wp-content\/uploads\/2020\/11\/earth-globe-vector-world-map-icon-transparent-11563460387dsa5p0tifc-600x614.png 600w\" sizes=\"(max-width: 840px) 100vw, 840px\" \/><\/figure><div class=\"elementor-image-box-content\"><h5 class=\"elementor-image-box-title\"><br>Mi\u0119dzynarodowy zasi\u0119g<\/h5><p class=\"elementor-image-box-description\">Szybka dostawa<\/p><\/div><\/div>\t\t\t\t<\/div>\n\t\t\t\t<\/div>\n\t\t\t\t\t<\/div>\n\t\t<\/div>\n\t\t\t\t<div class=\"elementor-column elementor-col-25 elementor-inner-column elementor-element elementor-element-9725169\" data-id=\"9725169\" data-element_type=\"column\" data-e-type=\"column\">\n\t\t\t<div class=\"elementor-widget-wrap elementor-element-populated\">\n\t\t\t\t\t\t<div class=\"elementor-element elementor-element-b740c2d elementor-position-top elementor-widget elementor-widget-image-box\" data-id=\"b740c2d\" data-element_type=\"widget\" data-e-type=\"widget\" data-widget_type=\"image-box.default\">\n\t\t\t\t<div class=\"elementor-widget-container\">\n\t\t\t\t\t<div class=\"elementor-image-box-wrapper\"><figure class=\"elementor-image-box-img\"><img decoding=\"async\" width=\"275\" height=\"336\" src=\"https:\/\/cncfiltry.pl\/wp-content\/uploads\/2020\/11\/Icone_Q.png\" class=\"attachment-full size-full wp-image-1668\" alt=\"cncfilters.com\" srcset=\"https:\/\/cncfiltry.pl\/wp-content\/uploads\/2020\/11\/Icone_Q.png 275w, https:\/\/cncfiltry.pl\/wp-content\/uploads\/2020\/11\/Icone_Q-246x300.png 246w\" sizes=\"(max-width: 275px) 100vw, 275px\" \/><\/figure><div class=\"elementor-image-box-content\"><h5 class=\"elementor-image-box-title\">Najlepsza jako\u015b\u0107<\/h5><p class=\"elementor-image-box-description\">Zachowujemy najwy\u017csze standardy jako\u015bci<\/p><\/div><\/div>\t\t\t\t<\/div>\n\t\t\t\t<\/div>\n\t\t\t\t\t<\/div>\n\t\t<\/div>\n\t\t\t\t<div class=\"elementor-column elementor-col-25 elementor-inner-column elementor-element elementor-element-5687735\" data-id=\"5687735\" data-element_type=\"column\" data-e-type=\"column\">\n\t\t\t<div class=\"elementor-widget-wrap elementor-element-populated\">\n\t\t\t\t\t\t<div class=\"elementor-element elementor-element-718eb1c elementor-position-top elementor-widget elementor-widget-image-box\" data-id=\"718eb1c\" data-element_type=\"widget\" data-e-type=\"widget\" data-widget_type=\"image-box.default\">\n\t\t\t\t<div class=\"elementor-widget-container\">\n\t\t\t\t\t<div class=\"elementor-image-box-wrapper\"><figure class=\"elementor-image-box-img\"><img loading=\"lazy\" decoding=\"async\" width=\"300\" height=\"300\" src=\"https:\/\/cncfiltry.pl\/wp-content\/uploads\/2020\/11\/Euro-PNG-Image-96445-300x300-1.png\" class=\"attachment-full size-full wp-image-1672\" alt=\"cncfilters.com\" srcset=\"https:\/\/cncfiltry.pl\/wp-content\/uploads\/2020\/11\/Euro-PNG-Image-96445-300x300-1.png 300w, https:\/\/cncfiltry.pl\/wp-content\/uploads\/2020\/11\/Euro-PNG-Image-96445-300x300-1-150x150.png 150w, https:\/\/cncfiltry.pl\/wp-content\/uploads\/2020\/11\/Euro-PNG-Image-96445-300x300-1-100x100.png 100w\" sizes=\"(max-width: 300px) 100vw, 300px\" \/><\/figure><div class=\"elementor-image-box-content\"><h5 class=\"elementor-image-box-title\"><br>Najlepsza oferta<\/h5><p class=\"elementor-image-box-description\">Najlepszy wyb\u00f3r<\/p><\/div><\/div>\t\t\t\t<\/div>\n\t\t\t\t<\/div>\n\t\t\t\t\t<\/div>\n\t\t<\/div>\n\t\t\t\t<div class=\"elementor-column elementor-col-25 elementor-inner-column elementor-element elementor-element-20f9225\" data-id=\"20f9225\" data-element_type=\"column\" data-e-type=\"column\">\n\t\t\t<div class=\"elementor-widget-wrap elementor-element-populated\">\n\t\t\t\t\t\t<div class=\"elementor-element elementor-element-3b863c2 elementor-position-top elementor-widget elementor-widget-image-box\" data-id=\"3b863c2\" data-element_type=\"widget\" data-e-type=\"widget\" data-widget_type=\"image-box.default\">\n\t\t\t\t<div class=\"elementor-widget-container\">\n\t\t\t\t\t<div class=\"elementor-image-box-wrapper\"><figure class=\"elementor-image-box-img\"><img decoding=\"async\" src=\"https:\/\/cncfiltry.pl\/wp-content\/uploads\/2020\/11\/safe.png\" title=\"safe\" alt=\"cncfilters.com\" loading=\"lazy\" \/><\/figure><div class=\"elementor-image-box-content\"><h5 class=\"elementor-image-box-title\"><br>Ochrona p\u0142atno\u015bci<\/h5><p class=\"elementor-image-box-description\">Z nami jeste\u015b bezpieczny<\/p><\/div><\/div>\t\t\t\t<\/div>\n\t\t\t\t<\/div>\n\t\t\t\t\t<\/div>\n\t\t<\/div>\n\t\t\t\t\t<\/div>\n\t\t<\/section>\n\t\t\t\t\t<\/div>\n\t\t<\/div>\n\t\t\t\t\t<\/div>\n\t\t<\/section>\n\t\t\t\t<\/div>\n\t\t","protected":false},"excerpt":{"rendered":"<p>O nas CNCFILTRY.PL \u00a0 Firma HYDROTRADE powsta\u0142a w 2009 roku w Pszczynie. Jest to firma rodzinna.\u00a0 Posiadamy ponad 40 ty\u015b. wk\u0142ad\u00f3w filtracyjnych w portfolio. Jako producent filtr\u00f3w specjalizujemy si\u0119 w dostosowywaniu element\u00f3w filtracyjnych do proces\u00f3w produkcyjnych w zak\u0142adach w ca\u0142ej Polsce i poza jej granicami. Posiadamy znakomite referencje. Zach\u0119camy do zapoznania si\u0119 z pe\u0142n\u0105 ofert\u0105 [&hellip;]<\/p>\n","protected":false},"author":1,"featured_media":0,"parent":0,"menu_order":0,"comment_status":"closed","ping_status":"closed","template":"","meta":{"site-sidebar-layout":"no-sidebar","site-content-layout":"page-builder","ast-site-content-layout":"default","site-content-style":"default","site-sidebar-style":"default","ast-global-header-display":"","ast-banner-title-visibility":"","ast-main-header-display":"","ast-hfb-above-header-display":"","ast-hfb-below-header-display":"","ast-hfb-mobile-header-display":"","site-post-title":"disabled","ast-breadcrumbs-content":"","ast-featured-img":"disabled","footer-sml-layout":"","ast-disable-related-posts":"","theme-transparent-header-meta":"enabled","adv-header-id-meta":"","stick-header-meta":"","header-above-stick-meta":"","header-main-stick-meta":"","header-below-stick-meta":"","astra-migrate-meta-layouts":"default","ast-page-background-enabled":"default","ast-page-background-meta":{"desktop":{"background-color":"","background-image":"","background-repeat":"repeat","background-position":"center center","background-size":"auto","background-attachment":"scroll","background-type":"","background-media":"","overlay-type":"","overlay-color":"","overlay-opacity":"","overlay-gradient":""},"tablet":{"background-color":"","background-image":"","background-repeat":"repeat","background-position":"center center","background-size":"auto","background-attachment":"scroll","background-type":"","background-media":"","overlay-type":"","overlay-color":"","overlay-opacity":"","overlay-gradient":""},"mobile":{"background-color":"","background-image":"","background-repeat":"repeat","background-position":"center center","background-size":"auto","background-attachment":"scroll","background-type":"","background-media":"","overlay-type":"","overlay-color":"","overlay-opacity":"","overlay-gradient":""}},"ast-content-background-meta":{"desktop":{"background-color":"var(--ast-global-color-5)","background-image":"","background-repeat":"repeat","background-position":"center center","background-size":"auto","background-attachment":"scroll","background-type":"","background-media":"","overlay-type":"","overlay-color":"","overlay-opacity":"","overlay-gradient":""},"tablet":{"background-color":"var(--ast-global-color-5)","background-image":"","background-repeat":"repeat","background-position":"center center","background-size":"auto","background-attachment":"scroll","background-type":"","background-media":"","overlay-type":"","overlay-color":"","overlay-opacity":"","overlay-gradient":""},"mobile":{"background-color":"var(--ast-global-color-5)","background-image":"","background-repeat":"repeat","background-position":"center center","background-size":"auto","background-attachment":"scroll","background-type":"","background-media":"","overlay-type":"","overlay-color":"","overlay-opacity":"","overlay-gradient":""}},"footnotes":""},"class_list":["post-43","page","type-page","status-publish","hentry"],"_links":{"self":[{"href":"https:\/\/cncfiltry.pl\/index.php\/wp-json\/wp\/v2\/pages\/43","targetHints":{"allow":["GET"]}}],"collection":[{"href":"https:\/\/cncfiltry.pl\/index.php\/wp-json\/wp\/v2\/pages"}],"about":[{"href":"https:\/\/cncfiltry.pl\/index.php\/wp-json\/wp\/v2\/types\/page"}],"author":[{"embeddable":true,"href":"https:\/\/cncfiltry.pl\/index.php\/wp-json\/wp\/v2\/users\/1"}],"replies":[{"embeddable":true,"href":"https:\/\/cncfiltry.pl\/index.php\/wp-json\/wp\/v2\/comments?post=43"}],"version-history":[{"count":298,"href":"https:\/\/cncfiltry.pl\/index.php\/wp-json\/wp\/v2\/pages\/43\/revisions"}],"predecessor-version":[{"id":39359,"href":"https:\/\/cncfiltry.pl\/index.php\/wp-json\/wp\/v2\/pages\/43\/revisions\/39359"}],"wp:attachment":[{"href":"https:\/\/cncfiltry.pl\/index.php\/wp-json\/wp\/v2\/media?parent=43"}],"curies":[{"name":"wp","href":"https:\/\/api.w.org\/{rel}","templated":true}]}}